{"id":65,"date":"2025-10-26T18:08:04","date_gmt":"2025-10-26T17:08:04","guid":{"rendered":"https:\/\/www.orquantis.com\/?page_id=65"},"modified":"2026-01-05T12:41:26","modified_gmt":"2026-01-05T11:41:26","slug":"nos-bureaux","status":"publish","type":"page","link":"https:\/\/www.orquantis.com\/index.php\/nos-bureaux\/","title":{"rendered":"Notre centre de fabrication"},"content":{"rendered":"<nav class=\"is-responsive items-justified-center wp-block-navigation is-horizontal is-content-justification-center is-layout-flex wp-container-core-navigation-is-layout-ecd33c62 wp-block-navigation-is-layout-flex\" aria-label=\"Navigation\" \n\t\t data-wp-interactive=\"core\/navigation\" data-wp-context='{\"overlayOpenedBy\":{\"click\":false,\"hover\":false,\"focus\":false},\"type\":\"overlay\",\"roleAttribute\":\"\",\"ariaLabel\":\"Menu\"}'><button aria-haspopup=\"dialog\" aria-label=\"Ouvrir le menu\" class=\"wp-block-navigation__responsive-container-open\" \n\t\t\t\tdata-wp-on--click=\"actions.openMenuOnClick\"\n\t\t\t\tdata-wp-on--keydown=\"actions.handleMenuKeydown\"\n\t\t\t><svg width=\"24\" height=\"24\" xmlns=\"http:\/\/www.w3.org\/2000\/svg\" viewBox=\"0 0 24 24\" aria-hidden=\"true\" focusable=\"false\"><path d=\"M4 7.5h16v1.5H4z\"><\/path><path d=\"M4 15h16v1.5H4z\"><\/path><\/svg><\/button>\n\t\t\t\t<div class=\"wp-block-navigation__responsive-container\"  id=\"modal-1\" \n\t\t\t\tdata-wp-class--has-modal-open=\"state.isMenuOpen\"\n\t\t\t\tdata-wp-class--is-menu-open=\"state.isMenuOpen\"\n\t\t\t\tdata-wp-watch=\"callbacks.initMenu\"\n\t\t\t\tdata-wp-on--keydown=\"actions.handleMenuKeydown\"\n\t\t\t\tdata-wp-on--focusout=\"actions.handleMenuFocusout\"\n\t\t\t\ttabindex=\"-1\"\n\t\t\t>\n\t\t\t\t\t<div class=\"wp-block-navigation__responsive-close\" tabindex=\"-1\">\n\t\t\t\t\t\t<div class=\"wp-block-navigation__responsive-dialog\" \n\t\t\t\tdata-wp-bind--aria-modal=\"state.ariaModal\"\n\t\t\t\tdata-wp-bind--aria-label=\"state.ariaLabel\"\n\t\t\t\tdata-wp-bind--role=\"state.roleAttribute\"\n\t\t\t>\n\t\t\t\t\t\t\t<button aria-label=\"Fermer le menu\" class=\"wp-block-navigation__responsive-container-close\" \n\t\t\t\tdata-wp-on--click=\"actions.closeMenuOnClick\"\n\t\t\t><svg xmlns=\"http:\/\/www.w3.org\/2000\/svg\" viewBox=\"0 0 24 24\" width=\"24\" height=\"24\" aria-hidden=\"true\" focusable=\"false\"><path d=\"m13.06 12 6.47-6.47-1.06-1.06L12 10.94 5.53 4.47 4.47 5.53 10.94 12l-6.47 6.47 1.06 1.06L12 13.06l6.47 6.47 1.06-1.06L13.06 12Z\"><\/path><\/svg><\/button>\n\t\t\t\t\t\t\t<div class=\"wp-block-navigation__responsive-container-content\" \n\t\t\t\tdata-wp-watch=\"callbacks.focusFirstElement\"\n\t\t\t id=\"modal-1-content\">\n\t\t\t\t\t\t\t\t<ul class=\"wp-block-navigation__container is-responsive items-justified-center wp-block-navigation\"><li class=\" wp-block-navigation-item wp-block-navigation-link\"><a class=\"wp-block-navigation-item__content\"  href=\"https:\/\/www.orquantis.com\"><span class=\"wp-block-navigation-item__label\">Accueil<\/span><\/a><\/li><li class=\" wp-block-navigation-item wp-block-navigation-link\"><a class=\"wp-block-navigation-item__content\"  href=\"https:\/\/www.orquantis.com\/index.php\/devenir-client\/\"><span class=\"wp-block-navigation-item__label\">Devenir client<\/span><\/a><\/li><li class=\" wp-block-navigation-item wp-block-navigation-link\"><a class=\"wp-block-navigation-item__content\"  href=\"https:\/\/www.orquantis.com\/index.php\/nos-bureaux\/\"><span class=\"wp-block-navigation-item__label\">Notre Centre de fabrication<\/span><\/a><\/li><li class=\" wp-block-navigation-item wp-block-navigation-link\"><a class=\"wp-block-navigation-item__content\"  href=\"https:\/\/www.orquantis.com\/index.php\/nos-engagements\/\"><span class=\"wp-block-navigation-item__label\">Nos engagements<\/span><\/a><\/li><li class=\" wp-block-navigation-item wp-block-navigation-link\"><a class=\"wp-block-navigation-item__content\"  href=\"https:\/\/www.orquantis.com\/index.php\/charte-qualite-orquantis\/\"><span class=\"wp-block-navigation-item__label\">Charte Qualit\u00e9 Orquantis<\/span><\/a><\/li><li class=\" wp-block-navigation-item wp-block-navigation-link\"><a class=\"wp-block-navigation-item__content\"  href=\"https:\/\/production-service.yena-europe.com\/fmi\/webd\/produits?homeurl=https:\/\/www.orquantis.com\/\"><span class=\"wp-block-navigation-item__label\">Login Production<\/span><\/a><\/li><\/ul>\n\t\t\t\t\t\t\t<\/div>\n\t\t\t\t\t\t<\/div>\n\t\t\t\t\t<\/div>\n\t\t\t\t<\/div><\/nav>\n\n\n<div class=\"wp-block-group alignfull has-accent-background-color has-background has-global-padding is-layout-constrained wp-container-core-group-is-layout-669513ed wp-block-group-is-layout-constrained\" style=\"margin-top:0;margin-bottom:0;padding-top:var(--wp--preset--spacing--50);padding-right:var(--wp--preset--spacing--50);padding-bottom:var(--wp--preset--spacing--50);padding-left:var(--wp--preset--spacing--50)\">\n<div class=\"wp-block-columns alignwide is-layout-flex wp-container-core-columns-is-layout-1da03c2a wp-block-columns-is-layout-flex\">\n<div class=\"wp-block-column is-vertically-aligned-stretch is-layout-flow wp-block-column-is-layout-flow\" style=\"flex-basis:50%\">\n<div class=\"wp-block-group is-vertical is-content-justification-stretch is-layout-flex wp-container-core-group-is-layout-444d5ee8 wp-block-group-is-layout-flex\" style=\"min-height:100%\">\n<h2 class=\"wp-block-heading has-x-large-font-size\">Orquantis est install\u00e9e \u00e0 Vierzon entre Orl\u00e9ans et Bourges dans le centre de la France<\/h2>\n\n\n\n<p>Notre centre de fabrication id\u00e9alement situ\u00e9 au centre de la France vous propose la r\u00e9alisation de proth\u00e8ses CrCo et Titane par fusion laser et usinage. Cette position centrale garantie la fiabilit\u00e9 de vos livraisons du lendemain.<\/p>\n<\/div>\n<\/div>\n\n\n\n<div class=\"wp-block-column is-vertically-aligned-center is-layout-flow wp-block-column-is-layout-flow\" style=\"flex-basis:50%\">\n<figure class=\"wp-block-image size-large is-style-rounded is-style-rounded--2\"><img fetchpriority=\"high\" decoding=\"async\" width=\"1024\" height=\"577\" src=\"https:\/\/www.orquantis.com\/wp-content\/uploads\/2026\/01\/batiments2-1024x577.jpg\" alt=\"\" class=\"wp-image-502\" style=\"aspect-ratio:16\/9;object-fit:cover\" srcset=\"https:\/\/www.orquantis.com\/wp-content\/uploads\/2026\/01\/batiments2-1024x577.jpg 1024w, https:\/\/www.orquantis.com\/wp-content\/uploads\/2026\/01\/batiments2-300x169.jpg 300w, https:\/\/www.orquantis.com\/wp-content\/uploads\/2026\/01\/batiments2-768x432.jpg 768w, https:\/\/www.orquantis.com\/wp-content\/uploads\/2026\/01\/batiments2-1536x865.jpg 1536w, https:\/\/www.orquantis.com\/wp-content\/uploads\/2026\/01\/batiments2.jpg 1600w\" sizes=\"(max-width: 1024px) 100vw, 1024px\" \/><\/figure>\n<\/div>\n<\/div>\n<\/div>\n\n\n\n<div class=\"wp-block-group alignfull has-base-background-color has-background has-global-padding is-layout-constrained wp-container-core-group-is-layout-d89aad35 wp-block-group-is-layout-constrained\" style=\"margin-top:0;margin-bottom:0;padding-top:var(--wp--preset--spacing--50);padding-right:var(--wp--preset--spacing--50);padding-bottom:var(--wp--preset--spacing--50);padding-left:var(--wp--preset--spacing--50)\">\n<div class=\"wp-block-columns alignwide is-layout-flex wp-container-core-columns-is-layout-549b0c86 wp-block-columns-is-layout-flex\">\n<div class=\"wp-block-column has-global-padding is-content-justification-left is-layout-constrained wp-container-core-column-is-layout-4f15e8fe wp-block-column-is-layout-constrained\" style=\"flex-basis:40%\">\n<p>C&rsquo;est 23 ans d&rsquo;exp\u00e9rience dans l&rsquo;usinage, le d\u00e9veloppement de logiciels de FAO et la distribution de machines outils pour l&rsquo;industrie et les proth\u00e9sistes dentaires,<\/p>\n<\/div>\n\n\n\n<div class=\"wp-block-column is-layout-flow wp-container-core-column-is-layout-119bc444 wp-block-column-is-layout-flow\" style=\"flex-basis:60%\">\n<p class=\"has-heading-font-family has-x-large-font-size\" style=\"line-height:1.2\">Orquantis est l&rsquo;aboutissement d&rsquo;une longue exp\u00e9rience des technologies num\u00e9riques dentaire<\/p>\n\n\n\n<div class=\"wp-block-columns is-layout-flex wp-container-core-columns-is-layout-87beb0d0 wp-block-columns-is-layout-flex\">\n<div class=\"wp-block-column is-layout-flow wp-block-column-is-layout-flow\">\n<p class=\"wp-container-content-9cfa9a5a\">Nous avons d\u00e9velopp\u00e9 une expertise reconnue en fabrication et en contr\u00f4le qualit\u00e9. La cr\u00e9ation d\u2019Orquantis, ainsi que l\u2019int\u00e9gration d\u2019\u00e9quipements de fusion laser, s\u2019inscrivent naturellement dans cette continuit\u00e9.<\/p>\n\n\n\n<p class=\"wp-container-content-9cfa9a5a\"><\/p>\n\n\n\n<p class=\"wp-container-content-9cfa9a5a\">Nous proposons des services d\u2019usinage Titane et Chrome-Cobalt, ainsi que de l\u2019impression 3D par fusion laser en Chrome-Cobalt. La combinaison de ces deux technologies nous permet d\u2019apporter la solution technique la plus adapt\u00e9e \u00e0 chaque besoin.<\/p>\n\n\n\n<p class=\"wp-container-content-9cfa9a5a\"><\/p>\n<\/div>\n\n\n\n<div class=\"wp-block-column is-layout-flow wp-block-column-is-layout-flow\">\n<p>Selon la complexit\u00e9 des pi\u00e8ces et le niveau de pr\u00e9cision recherch\u00e9, les produits sont soit imprim\u00e9s en Chrome-Cobalt, soit usin\u00e9s directement dans la mati\u00e8re (Titane ou Chrome-Cobalt). Nous proposons \u00e9galement le r\u00e9-usinage de pi\u00e8ces issues de la fusion laser afin d\u2019obtenir une haute pr\u00e9cision dimensionnelle tout en optimisant les co\u00fbts.<\/p>\n<\/div>\n<\/div>\n<\/div>\n<\/div>\n<\/div>\n\n\n\n<div class=\"wp-block-group alignfull has-accent-5-background-color has-background has-global-padding is-layout-constrained wp-container-core-group-is-layout-d89aad35 wp-block-group-is-layout-constrained\" style=\"margin-top:0;margin-bottom:0;padding-top:var(--wp--preset--spacing--50);padding-right:var(--wp--preset--spacing--50);padding-bottom:var(--wp--preset--spacing--50);padding-left:var(--wp--preset--spacing--50)\">\n<div class=\"wp-block-columns alignwide is-layout-flex wp-container-core-columns-is-layout-1da03c2a wp-block-columns-is-layout-flex\">\n<div class=\"wp-block-column is-vertically-aligned-center is-layout-flow wp-block-column-is-layout-flow\" style=\"flex-basis:60%\">\n<figure class=\"wp-block-image size-full is-style-rounded wp-duotone-unset-4 is-style-rounded--3\"><img decoding=\"async\" width=\"1053\" height=\"726\" src=\"https:\/\/www.orquantis.com\/wp-content\/uploads\/2025\/12\/maps.png\" alt=\"\" class=\"wp-image-204\" style=\"aspect-ratio:4\/3;object-fit:cover\" srcset=\"https:\/\/www.orquantis.com\/wp-content\/uploads\/2025\/12\/maps.png 1053w, https:\/\/www.orquantis.com\/wp-content\/uploads\/2025\/12\/maps-300x207.png 300w, https:\/\/www.orquantis.com\/wp-content\/uploads\/2025\/12\/maps-1024x706.png 1024w, https:\/\/www.orquantis.com\/wp-content\/uploads\/2025\/12\/maps-768x530.png 768w\" sizes=\"(max-width: 1053px) 100vw, 1053px\" \/><\/figure>\n<\/div>\n\n\n\n<div class=\"wp-block-column is-layout-flow wp-block-column-is-layout-flow\" style=\"flex-basis:40%\">\n<div style=\"height:169px\" aria-hidden=\"true\" class=\"wp-block-spacer\"><\/div>\n\n\n\n<h2 class=\"wp-block-heading\">Nos bureaux de Vierzon<\/h2>\n\n\n\n<h4 class=\"wp-block-heading\"><kbd>All<\/kbd>\u00e9e Georges Charpak &#8211; 18100 Vierzon &#8211; France<\/h4>\n\n\n\n<p>Ouvert de 8h30 \u00e0 12h30 et de 14h \u00e0 17h<\/p>\n\n\n\n<p>du Lundi au Vendredi<\/p>\n\n\n\n<h4 class=\"wp-block-heading\">Tel : 02.48.51.98.48<\/h4>\n\n\n\n<div class=\"wp-block-buttons is-layout-flex wp-block-buttons-is-layout-flex\">\n<div class=\"wp-block-button\"><a class=\"wp-block-button__link wp-element-button\" href=\"https:\/\/maps.app.goo.gl\/wxSEHp7hjYuR8Mkv8\">Nous trouver dans google Map<\/a><\/div>\n<\/div>\n<\/div>\n<\/div>\n<\/div>\n\n\n\n<div class=\"wp-block-group alignfull is-layout-flow wp-block-group-is-layout-flow\" style=\"margin-top:0;margin-bottom:0;padding-top:0;padding-right:var(--wp--preset--spacing--50);padding-bottom:0;padding-left:var(--wp--preset--spacing--50)\"><nav class=\"is-responsive items-justified-center wp-block-navigation is-horizontal is-content-justification-center is-layout-flex wp-container-core-navigation-is-layout-ecd33c62 wp-block-navigation-is-layout-flex\" aria-label=\"Navigation 2\" \n\t\t data-wp-interactive=\"core\/navigation\" data-wp-context='{\"overlayOpenedBy\":{\"click\":false,\"hover\":false,\"focus\":false},\"type\":\"overlay\",\"roleAttribute\":\"\",\"ariaLabel\":\"Menu\"}'><button aria-haspopup=\"dialog\" aria-label=\"Ouvrir le menu\" class=\"wp-block-navigation__responsive-container-open\" \n\t\t\t\tdata-wp-on--click=\"actions.openMenuOnClick\"\n\t\t\t\tdata-wp-on--keydown=\"actions.handleMenuKeydown\"\n\t\t\t><svg width=\"24\" height=\"24\" xmlns=\"http:\/\/www.w3.org\/2000\/svg\" viewBox=\"0 0 24 24\" aria-hidden=\"true\" focusable=\"false\"><path d=\"M4 7.5h16v1.5H4z\"><\/path><path d=\"M4 15h16v1.5H4z\"><\/path><\/svg><\/button>\n\t\t\t\t<div class=\"wp-block-navigation__responsive-container\"  id=\"modal-5\" \n\t\t\t\tdata-wp-class--has-modal-open=\"state.isMenuOpen\"\n\t\t\t\tdata-wp-class--is-menu-open=\"state.isMenuOpen\"\n\t\t\t\tdata-wp-watch=\"callbacks.initMenu\"\n\t\t\t\tdata-wp-on--keydown=\"actions.handleMenuKeydown\"\n\t\t\t\tdata-wp-on--focusout=\"actions.handleMenuFocusout\"\n\t\t\t\ttabindex=\"-1\"\n\t\t\t>\n\t\t\t\t\t<div class=\"wp-block-navigation__responsive-close\" tabindex=\"-1\">\n\t\t\t\t\t\t<div class=\"wp-block-navigation__responsive-dialog\" \n\t\t\t\tdata-wp-bind--aria-modal=\"state.ariaModal\"\n\t\t\t\tdata-wp-bind--aria-label=\"state.ariaLabel\"\n\t\t\t\tdata-wp-bind--role=\"state.roleAttribute\"\n\t\t\t>\n\t\t\t\t\t\t\t<button aria-label=\"Fermer le menu\" class=\"wp-block-navigation__responsive-container-close\" \n\t\t\t\tdata-wp-on--click=\"actions.closeMenuOnClick\"\n\t\t\t><svg xmlns=\"http:\/\/www.w3.org\/2000\/svg\" viewBox=\"0 0 24 24\" width=\"24\" height=\"24\" aria-hidden=\"true\" focusable=\"false\"><path d=\"m13.06 12 6.47-6.47-1.06-1.06L12 10.94 5.53 4.47 4.47 5.53 10.94 12l-6.47 6.47 1.06 1.06L12 13.06l6.47 6.47 1.06-1.06L13.06 12Z\"><\/path><\/svg><\/button>\n\t\t\t\t\t\t\t<div class=\"wp-block-navigation__responsive-container-content\" \n\t\t\t\tdata-wp-watch=\"callbacks.focusFirstElement\"\n\t\t\t id=\"modal-5-content\">\n\t\t\t\t\t\t\t\t<ul class=\"wp-block-navigation__container is-responsive items-justified-center wp-block-navigation\"><li class=\" wp-block-navigation-item wp-block-navigation-link\"><a class=\"wp-block-navigation-item__content\"  href=\"https:\/\/www.orquantis.com\"><span class=\"wp-block-navigation-item__label\">Accueil<\/span><\/a><\/li><li class=\" wp-block-navigation-item wp-block-navigation-link\"><a class=\"wp-block-navigation-item__content\"  href=\"https:\/\/www.orquantis.com\/index.php\/devenir-client\/\"><span class=\"wp-block-navigation-item__label\">Devenir client<\/span><\/a><\/li><li class=\" wp-block-navigation-item wp-block-navigation-link\"><a class=\"wp-block-navigation-item__content\"  href=\"https:\/\/www.orquantis.com\/index.php\/nos-bureaux\/\"><span class=\"wp-block-navigation-item__label\">Notre Centre de fabrication<\/span><\/a><\/li><li class=\" wp-block-navigation-item wp-block-navigation-link\"><a class=\"wp-block-navigation-item__content\"  href=\"https:\/\/www.orquantis.com\/index.php\/nos-engagements\/\"><span class=\"wp-block-navigation-item__label\">Nos engagements<\/span><\/a><\/li><li class=\" wp-block-navigation-item wp-block-navigation-link\"><a class=\"wp-block-navigation-item__content\"  href=\"https:\/\/www.orquantis.com\/index.php\/charte-qualite-orquantis\/\"><span class=\"wp-block-navigation-item__label\">Charte Qualit\u00e9 Orquantis<\/span><\/a><\/li><li class=\" wp-block-navigation-item wp-block-navigation-link\"><a class=\"wp-block-navigation-item__content\"  href=\"https:\/\/production-service.yena-europe.com\/fmi\/webd\/produits?homeurl=https:\/\/www.orquantis.com\/\"><span class=\"wp-block-navigation-item__label\">Login Production<\/span><\/a><\/li><\/ul>\n\t\t\t\t\t\t\t<\/div>\n\t\t\t\t\t\t<\/div>\n\t\t\t\t\t<\/div>\n\t\t\t\t<\/div><\/nav>\n\n\n<div style=\"height:81px\" aria-hidden=\"true\" class=\"wp-block-spacer\"><\/div>\n\n\n\n<div class=\"wp-block-columns alignwide are-vertically-aligned-center is-layout-flex wp-container-core-columns-is-layout-47c06fe3 wp-block-columns-is-layout-flex\">\n<div class=\"wp-block-column is-vertically-aligned-center is-layout-flow wp-block-column-is-layout-flow\" style=\"flex-basis:50%\">\n<h2 class=\"wp-block-heading\">Commencez maintenant<\/h2>\n\n\n\n<ul style=\"line-height:1.75\" class=\"wp-block-list is-style-checkmark-list\">\n<li>Faites des \u00e9conomies<\/li>\n\n\n\n<li>Obtenez la meilleur qualit\u00e9.<\/li>\n\n\n\n<li>Gagnez du temps <\/li>\n\n\n\n<li>Valorisez le Made in France par un acteur ind\u00e9pendant<\/li>\n<\/ul>\n\n\n\n<div class=\"wp-block-buttons is-layout-flex wp-block-buttons-is-layout-flex\">\n<div class=\"wp-block-button\"><a class=\"wp-block-button__link wp-element-button\" href=\"https:\/\/www.orquantis.com\/index.php\/devenir-client\/\">Cr\u00e9er mon compte<\/a><\/div>\n\n\n\n<div class=\"wp-block-button is-style-outline is-style-outline--6\"><a class=\"wp-block-button__link wp-element-button\" href=\"https:\/\/production-service.yena-europe.com\/fmi\/webd\/produits?homeurl=https:\/\/orquantis.com\">Connexion PRO<\/a><\/div>\n<\/div>\n<\/div>\n\n\n\n<div class=\"wp-block-column is-vertically-aligned-center is-layout-flow wp-block-column-is-layout-flow\" style=\"flex-basis:50%\">\n<figure class=\"wp-block-image size-full is-style-rounded is-style-rounded--7\"><img decoding=\"async\" width=\"1162\" height=\"663\" src=\"https:\/\/www.orquantis.com\/wp-content\/uploads\/2025\/12\/interface.png\" alt=\"\" class=\"wp-image-205\" style=\"aspect-ratio:16\/9;object-fit:cover\" srcset=\"https:\/\/www.orquantis.com\/wp-content\/uploads\/2025\/12\/interface.png 1162w, https:\/\/www.orquantis.com\/wp-content\/uploads\/2025\/12\/interface-300x171.png 300w, https:\/\/www.orquantis.com\/wp-content\/uploads\/2025\/12\/interface-1024x584.png 1024w, https:\/\/www.orquantis.com\/wp-content\/uploads\/2025\/12\/interface-768x438.png 768w\" sizes=\"(max-width: 1162px) 100vw, 1162px\" \/><\/figure>\n<\/div>\n<\/div>\n<\/div>\n\n\n\n<p><\/p>\n","protected":false},"excerpt":{"rendered":"<p>Orquantis est install\u00e9e \u00e0 Vierzon entre Orl\u00e9ans et Bourges dans le centre de la France Notre centre de fabrication id\u00e9alement situ\u00e9 au centre de la France vous propose la r\u00e9alisation de proth\u00e8ses CrCo et Titane par fusion laser et usinage. Cette position centrale garantie la fiabilit\u00e9 de vos livraisons du lendemain. C&rsquo;est 23 ans d&rsquo;exp\u00e9rience [&hellip;]<\/p>\n","protected":false},"author":1,"featured_media":0,"parent":0,"menu_order":0,"comment_status":"closed","ping_status":"closed","template":"","meta":{"_monsterinsights_skip_tracking":false,"_monsterinsights_sitenote_active":false,"_monsterinsights_sitenote_note":"","_monsterinsights_sitenote_category":0,"footnotes":""},"class_list":["post-65","page","type-page","status-publish","hentry"],"aioseo_notices":[],"_links":{"self":[{"href":"https:\/\/www.orquantis.com\/index.php\/wp-json\/wp\/v2\/pages\/65","targetHints":{"allow":["GET"]}}],"collection":[{"href":"https:\/\/www.orquantis.com\/index.php\/wp-json\/wp\/v2\/pages"}],"about":[{"href":"https:\/\/www.orquantis.com\/index.php\/wp-json\/wp\/v2\/types\/page"}],"author":[{"embeddable":true,"href":"https:\/\/www.orquantis.com\/index.php\/wp-json\/wp\/v2\/users\/1"}],"replies":[{"embeddable":true,"href":"https:\/\/www.orquantis.com\/index.php\/wp-json\/wp\/v2\/comments?post=65"}],"version-history":[{"count":35,"href":"https:\/\/www.orquantis.com\/index.php\/wp-json\/wp\/v2\/pages\/65\/revisions"}],"predecessor-version":[{"id":503,"href":"https:\/\/www.orquantis.com\/index.php\/wp-json\/wp\/v2\/pages\/65\/revisions\/503"}],"wp:attachment":[{"href":"https:\/\/www.orquantis.com\/index.php\/wp-json\/wp\/v2\/media?parent=65"}],"curies":[{"name":"wp","href":"https:\/\/api.w.org\/{rel}","templated":true}]}}