{"id":3,"date":"2025-10-26T07:13:26","date_gmt":"2025-10-26T07:13:26","guid":{"rendered":"http:\/\/www.orquantis.com\/?page_id=3"},"modified":"2026-01-05T10:26:12","modified_gmt":"2026-01-05T09:26:12","slug":"privacy-policy","status":"publish","type":"page","link":"https:\/\/www.orquantis.com\/index.php\/privacy-policy\/","title":{"rendered":"Mentions l\u00e9gales"},"content":{"rendered":"\n<h1 class=\"wp-block-heading has-text-align-center\">Mentions l\u00e9gales<\/h1>\n\n\n\n<p>En vigueur au 01\/01\/2026<\/p>\n\n\n\n<p>Conform\u00e9ment aux dispositions de la loi n\u00b02004-575 du 21 juin 2004 pour la Confiance en l\u2019\u00e9conomie num\u00e9rique, il est port\u00e9 \u00e0 la connaissance des utilisateurs et visiteurs, ci-apr\u00e8s l&rsquo; \u00ab\u00a0<strong>Utilisateur<\/strong>\u00ab\u00a0, du site orquantis.com , ci-apr\u00e8s le \u00ab\u00a0<strong>Site<\/strong>\u00ab\u00a0, les pr\u00e9sentes mentions l\u00e9gales.<\/p>\n\n\n\n<p>La connexion et la navigation sur le Site par l\u2019Utilisateur implique acceptation int\u00e9grale et sans r\u00e9serve des pr\u00e9sentes mentions l\u00e9gales.<\/p>\n\n\n\n<p>Ces derni\u00e8res sont accessibles sur le Site \u00e0 la rubrique \u00ab\u00a0<strong>Mentions l\u00e9gales<\/strong>\u00ab\u00a0.<\/p>\n\n\n\n<h2 class=\"wp-block-heading\">EDITION DU SITE<\/h2>\n\n\n\n<p>L&rsquo;\u00e9dition du Site est assur\u00e9e par la soci\u00e9t\u00e9 Orquantis, SAS, immatricul\u00e9e au Registre du Commerce et des Soci\u00e9t\u00e9s de Bourges sous le num\u00e9ro 99483407500016 dont le si\u00e8ge social est situ\u00e9 All\u00e9e Georges Charpak, \u00e0 Vierzon (18100)<\/p>\n\n\n\n<p>&gt; <strong>Num\u00e9ro de t\u00e9l\u00e9phone<\/strong> : 02 48 51 98 48<\/p>\n\n\n\n<p>> <strong>Adresse e-mail<\/strong> : info@orquantis.com<\/p>\n\n\n\n<p>&gt; <strong>Directeur de la publication<\/strong> : Lardeau Nicolas<\/p>\n\n\n\n<p>ci-apr\u00e8s l'\u00a0\u00bb<strong>Editeur<\/strong>\u00ab\u00a0.<\/p>\n\n\n\n<h2 class=\"wp-block-heading\">HEBERGEUR<\/h2>\n\n\n\n<p>L&rsquo;h\u00e9bergeur du Site est la soci\u00e9t\u00e9 OVH, dont le si\u00e8ge social est situ\u00e9 au&nbsp; 2 rue Kellermann 59100 Roubaix .<\/p>\n\n\n\n<h2 class=\"wp-block-heading\">ACCES AU SITE<\/h2>\n\n\n\n<p>Le Site est normalement accessible, \u00e0 tout moment, \u00e0 l&rsquo;Utilisateur. Toutefois, l&rsquo;Editeur pourra, \u00e0 tout moment, suspendre, limiter ou interrompre le Site afin de proc\u00e9der, notamment, \u00e0 des mises \u00e0 jour ou des modifications de son contenu. L&rsquo;Editeur ne pourra en aucun cas \u00eatre tenu responsable des cons\u00e9quences \u00e9ventuelles de cette indisponibilit\u00e9 sur les activit\u00e9s de l&rsquo;Utilisateur.<\/p>\n\n\n\n<h2 class=\"wp-block-heading\">COLLECTE DES DONNEES<\/h2>\n\n\n\n<p>Le Site assure \u00e0 l&rsquo;Utilisateur une collecte et un traitement des donn\u00e9es personnelles dans le respect de la vie priv\u00e9e conform\u00e9ment \u00e0 la loi n\u00b078-17 du 6 janvier 1978 relative \u00e0 l&rsquo;informatique, aux fichiers&nbsp; aux libert\u00e9s et dans le respect de la r\u00e8glementation applicable en mati\u00e8re de traitement des donn\u00e9es \u00e0 caract\u00e8re personnel conform\u00e9ment au r\u00e8glement (UE) 2016\/679 du Parlement europ\u00e9en et du Conseil du 27 avril 2016 (ci-apr\u00e8s, ensemble, la \u00ab\u00a0<strong>R\u00e8glementation applicable en mati\u00e8re de protection des Donn\u00e9es \u00e0 caract\u00e8re personnel<\/strong>\u00ab\u00a0).<\/p>\n\n\n\n<p>En vertu de la R\u00e8glementation applicable en mati\u00e8re de protection des Donn\u00e9es \u00e0 caract\u00e8re personnel, l&rsquo;Utilisateur dispose d&rsquo;un droit d&rsquo;acc\u00e8s, de rectification, de suppression et d&rsquo;opposition de ses donn\u00e9es personnelles. L&rsquo;Utilisateur peut exercer ce droit :<\/p>\n\n\n\n<ul class=\"wp-block-list\">\n<li>par mail \u00e0 l&rsquo;adresse email info@orquantis.com<\/li>\n\n\n\n<li>par voie postale all\u00e9e Georges Charpak 18100 Vierzon ;<\/li>\n<\/ul>\n\n\n\n<p>Toute utilisation, reproduction, diffusion, commercialisation, modification de toute ou partie du Site\ufeff, sans autorisation expresse de l\u2019Editeur est prohib\u00e9e et pourra entra\u00eener des actions et poursuites judiciaires telles que pr\u00e9vues par la r\u00e8glementation en vigueur.<\/p>\n","protected":false},"excerpt":{"rendered":"<p>Mentions l\u00e9gales En vigueur au 01\/01\/2026 Conform\u00e9ment aux dispositions de la loi n\u00b02004-575 du 21 juin 2004 pour la Confiance en l\u2019\u00e9conomie num\u00e9rique, il est port\u00e9 \u00e0 la connaissance des utilisateurs et visiteurs, ci-apr\u00e8s l&rsquo; \u00ab\u00a0Utilisateur\u00ab\u00a0, du site orquantis.com , ci-apr\u00e8s le \u00ab\u00a0Site\u00ab\u00a0, les pr\u00e9sentes mentions l\u00e9gales. La connexion et la navigation sur le Site [&hellip;]<\/p>\n","protected":false},"author":1,"featured_media":0,"parent":0,"menu_order":0,"comment_status":"closed","ping_status":"open","template":"","meta":{"_monsterinsights_skip_tracking":false,"_monsterinsights_sitenote_active":false,"_monsterinsights_sitenote_note":"","_monsterinsights_sitenote_category":0,"footnotes":""},"class_list":["post-3","page","type-page","status-publish","hentry"],"aioseo_notices":[],"_links":{"self":[{"href":"https:\/\/www.orquantis.com\/index.php\/wp-json\/wp\/v2\/pages\/3","targetHints":{"allow":["GET"]}}],"collection":[{"href":"https:\/\/www.orquantis.com\/index.php\/wp-json\/wp\/v2\/pages"}],"about":[{"href":"https:\/\/www.orquantis.com\/index.php\/wp-json\/wp\/v2\/types\/page"}],"author":[{"embeddable":true,"href":"https:\/\/www.orquantis.com\/index.php\/wp-json\/wp\/v2\/users\/1"}],"replies":[{"embeddable":true,"href":"https:\/\/www.orquantis.com\/index.php\/wp-json\/wp\/v2\/comments?post=3"}],"version-history":[{"count":5,"href":"https:\/\/www.orquantis.com\/index.php\/wp-json\/wp\/v2\/pages\/3\/revisions"}],"predecessor-version":[{"id":498,"href":"https:\/\/www.orquantis.com\/index.php\/wp-json\/wp\/v2\/pages\/3\/revisions\/498"}],"wp:attachment":[{"href":"https:\/\/www.orquantis.com\/index.php\/wp-json\/wp\/v2\/media?parent=3"}],"curies":[{"name":"wp","href":"https:\/\/api.w.org\/{rel}","templated":true}]}}